{"id":18,"date":"2016-10-30T18:48:07","date_gmt":"2016-10-30T18:48:07","guid":{"rendered":"http:\/\/www.kristinakoren.se\/?page_id=18"},"modified":"2026-05-03T18:25:48","modified_gmt":"2026-05-03T16:25:48","slug":"konserter","status":"publish","type":"page","link":"https:\/\/www.kristinakoren.se\/?page_id=18","title":{"rendered":"Kommande konserter"},"content":{"rendered":"\n<p><strong>V\u00e5rkonsert 3 juni  kl. 19<\/strong><br>Andreaskyrkan, H\u00f6gbergsgatan 31, Stockholm<\/p>\n\n\n\n<p>Biljettpris<br>Ordinarie 150 kr<br>Studerande 100 kr<br>Barn upp till 12 \u00e5r gratis<\/p>\n\n\n\n<p>Biljetter g\u00e5r att k\u00f6pa vid entr\u00e9n, kontant (j\u00e4mna pengar) samt Swish<\/p>\n\n\n\n<p>Insl\u00e4pp fran kl 18:30<\/p>\n\n\n\n<p>Konsertl\u00e4ngd ca 1 timme<br><br>Varmt v\u00e4lkomna!<\/p>\n\n\n\n<p><\/p>\n\n\n\n<p><a href=\"https:\/\/www.facebook.com\/events\/3216128508567083\/?acontext=%7B%22event_action_history%22%3A[%7B%22surface%22%3A%22notifications_tab%22%7D%2C%7B%22mechanism%22%3A%22attachment%22%2C%22surface%22%3A%22newsfeed%22%7D]%2C%22ref_notif_type%22%3A%22feedback_reaction_generic%22%7D\">P\u00e5 v\u00e5r Youtubekanal finns klipp fr\u00e5n n\u00e5gra av v\u00e5ra konserter.<\/a><\/p>\n\n\n\n<p><\/p>\n\n\n\n<p><\/p>\n","protected":false},"excerpt":{"rendered":"<p>V\u00e5rkonsert 3 juni kl. 19Andreaskyrkan, H\u00f6gbergsgatan 31, Stockholm BiljettprisOrdinarie 150 krStuderande 100 krBarn upp till 12 \u00e5r gratis Biljetter g\u00e5r att k\u00f6pa vid entr\u00e9n, kontant (j\u00e4mna pengar) samt Swish Insl\u00e4pp fran kl 18:30 Konsertl\u00e4ngd ca 1 timme Varmt v\u00e4lkomna! P\u00e5 v\u00e5r Youtubekanal finns klipp fr\u00e5n n\u00e5gra av v\u00e5ra konserter.<\/p>\n","protected":false},"author":1,"featured_media":0,"parent":4,"menu_order":3,"comment_status":"closed","ping_status":"closed","template":"","meta":{"footnotes":""},"_links":{"self":[{"href":"https:\/\/www.kristinakoren.se\/index.php?rest_route=\/wp\/v2\/pages\/18"}],"collection":[{"href":"https:\/\/www.kristinakoren.se\/index.php?rest_route=\/wp\/v2\/pages"}],"about":[{"href":"https:\/\/www.kristinakoren.se\/index.php?rest_route=\/wp\/v2\/types\/page"}],"author":[{"embeddable":true,"href":"https:\/\/www.kristinakoren.se\/index.php?rest_route=\/wp\/v2\/users\/1"}],"replies":[{"embeddable":true,"href":"https:\/\/www.kristinakoren.se\/index.php?rest_route=%2Fwp%2Fv2%2Fcomments&post=18"}],"version-history":[{"count":42,"href":"https:\/\/www.kristinakoren.se\/index.php?rest_route=\/wp\/v2\/pages\/18\/revisions"}],"predecessor-version":[{"id":424,"href":"https:\/\/www.kristinakoren.se\/index.php?rest_route=\/wp\/v2\/pages\/18\/revisions\/424"}],"up":[{"embeddable":true,"href":"https:\/\/www.kristinakoren.se\/index.php?rest_route=\/wp\/v2\/pages\/4"}],"wp:attachment":[{"href":"https:\/\/www.kristinakoren.se\/index.php?rest_route=%2Fwp%2Fv2%2Fmedia&parent=18"}],"curies":[{"name":"wp","href":"https:\/\/api.w.org\/{rel}","templated":true}]}}