{"id":20,"date":"2016-10-30T18:49:55","date_gmt":"2016-10-30T18:49:55","guid":{"rendered":"http:\/\/www.kristinakoren.se\/?page_id=20"},"modified":"2021-09-13T21:00:29","modified_gmt":"2021-09-13T19:00:29","slug":"om-koren","status":"publish","type":"page","link":"https:\/\/www.kristinakoren.se\/?page_id=20","title":{"rendered":"Om k\u00f6ren"},"content":{"rendered":"<p>Kristinak\u00f6ren startades 1929 under namnet &#8221;Svensk Damk\u00f6r&#8221;, och dess f\u00f6rsta dirigent, musikdirekt\u00f6r Karin Almgren, ledde k\u00f6ren i fem \u00e5r. Hennes eftertr\u00e4dare, Frithiof Gille, verkade i k\u00f6ren fram till 1944. De efterf\u00f6ljande 35 \u00e5ren leddes k\u00f6ren av musikdirekt\u00f6r Harry Lindgren.<\/p>\n<p>\u00c5r 1961 \u00e4ndrades k\u00f6rens namn till dagens &#8221;Kristinak\u00f6ren&#8221;. Namnbytet hade flera anledningar: det hade dels med Kristina Nilsson och drottning Kristina och dels med d\u00e5varande k\u00f6rledaren Harry Lindgrens italienvurm att g\u00f6ra. &#8221;Kristina&#8221; var genom Kristina Nilsson och drottning Kristina ett g\u00e5ngbart namn internationellt sett och s\u00e4rskilt i Italien dit k\u00f6ren ofta reste.<\/p>\n<p>Musikdirekt\u00f6r Michael Waldenby tog \u00f6ver som dirigent \u00e5r 1980 och eftertr\u00e4ddes efter sex \u00e5r av musikdirekt\u00f6r Ingrid Rasmusson. Susanne Modin tog sedan \u00f6ver som k\u00f6rens dirigent \u00e5r 1992 och efterf\u00f6ljdes av musikdirekt\u00f6r Mattias Ekstr\u00f6m-Koij \u00e5r 1996.<\/p>\n<p>Fr\u00e5n \u00e5r 2001 till och med 2005 var Bj\u00f6rn Paulson k\u00f6rens dirigent och musikaliska ledare. Under v\u00e5ren 2006 leddes k\u00f6ren av Maria Nordstedt och under tv\u00e5 \u00e5r d\u00e4refter var Annelie S\u00f6derlind k\u00f6rens dirigent.\u00a0Under sju \u00e5r, fr\u00e5n\u00a0h\u00f6sten 2009 fram till 2016 leddes k\u00f6ren av Isabel Josephson. Under h\u00f6sten 2016 tog Annika Hudak \u00f6ver som k\u00f6rens dirigent.\u00a0Fr\u00e5n h\u00f6sten 2019 till h\u00f6sten 2020 leddes k\u00f6ren av Malin Str\u00f6mdahl-Sherman.<\/p>\n<p>Under h\u00f6sten 2020 b\u00f6rjade My Steneby som dirigent f\u00f6r k\u00f6ren.<\/p>\n","protected":false},"excerpt":{"rendered":"<p>Kristinak\u00f6ren startades 1929 under namnet &#8221;Svensk Damk\u00f6r&#8221;, och dess f\u00f6rsta dirigent, musikdirekt\u00f6r Karin Almgren, ledde k\u00f6ren i fem \u00e5r. Hennes eftertr\u00e4dare, Frithiof Gille, verkade i k\u00f6ren fram till 1944. De efterf\u00f6ljande 35 \u00e5ren leddes k\u00f6ren av musikdirekt\u00f6r Harry Lindgren. \u00c5r 1961 \u00e4ndrades k\u00f6rens namn till dagens &#8221;Kristinak\u00f6ren&#8221;. Namnbytet hade flera anledningar: det hade dels med [&hellip;]<\/p>\n","protected":false},"author":1,"featured_media":0,"parent":4,"menu_order":1,"comment_status":"closed","ping_status":"closed","template":"","meta":{"footnotes":""},"_links":{"self":[{"href":"https:\/\/www.kristinakoren.se\/index.php?rest_route=\/wp\/v2\/pages\/20"}],"collection":[{"href":"https:\/\/www.kristinakoren.se\/index.php?rest_route=\/wp\/v2\/pages"}],"about":[{"href":"https:\/\/www.kristinakoren.se\/index.php?rest_route=\/wp\/v2\/types\/page"}],"author":[{"embeddable":true,"href":"https:\/\/www.kristinakoren.se\/index.php?rest_route=\/wp\/v2\/users\/1"}],"replies":[{"embeddable":true,"href":"https:\/\/www.kristinakoren.se\/index.php?rest_route=%2Fwp%2Fv2%2Fcomments&post=20"}],"version-history":[{"count":9,"href":"https:\/\/www.kristinakoren.se\/index.php?rest_route=\/wp\/v2\/pages\/20\/revisions"}],"predecessor-version":[{"id":306,"href":"https:\/\/www.kristinakoren.se\/index.php?rest_route=\/wp\/v2\/pages\/20\/revisions\/306"}],"up":[{"embeddable":true,"href":"https:\/\/www.kristinakoren.se\/index.php?rest_route=\/wp\/v2\/pages\/4"}],"wp:attachment":[{"href":"https:\/\/www.kristinakoren.se\/index.php?rest_route=%2Fwp%2Fv2%2Fmedia&parent=20"}],"curies":[{"name":"wp","href":"https:\/\/api.w.org\/{rel}","templated":true}]}}