{"id":24,"date":"2016-10-30T18:52:39","date_gmt":"2016-10-30T18:52:39","guid":{"rendered":"http:\/\/www.kristinakoren.se\/?page_id=24"},"modified":"2022-08-28T20:34:47","modified_gmt":"2022-08-28T18:34:47","slug":"om-dirigenten","status":"publish","type":"page","link":"https:\/\/www.kristinakoren.se\/?page_id=24","title":{"rendered":"Om dirigenten"},"content":{"rendered":"<div id=\"attachment_337\" style=\"width: 312px\" class=\"wp-caption alignright\"><img aria-describedby=\"caption-attachment-337\" decoding=\"async\" loading=\"lazy\" class=\" wp-image-337\" src=\"http:\/\/www.kristinakoren.se\/wp-content\/uploads\/2022\/08\/298191980_1164424094113640_7623695209700865835_n.jpg\" alt=\"My Steneby\" width=\"302\" height=\"403\" \/><p id=\"caption-attachment-337\" class=\"wp-caption-text\">My Steneby, Kristinak\u00f6rens dirigent<\/p><\/div>\n<p>Fr\u00e5n h\u00f6sten 2020 \u00e4r <strong>My Steneby<\/strong>\u00a0dirigent f\u00f6r Kristinak\u00f6ren.<\/p>\n<p>My \u00e4r k\u00f6rdirigent, s\u00e5ngare och pedagog utbildad p\u00e5 bland annat Kungliga musikh\u00f6gskolan i Stockholm och H\u00f6gskolan f\u00f6r scen och musik i G\u00f6teborg.<\/p>\n<p>My \u00e4r framf\u00f6r allt intresserad av klassisk musik och folkmusik och har lett b\u00e5de damk\u00f6r, mansk\u00f6r, blandad k\u00f6r och barnk\u00f6r.<\/p>\n<p>My har en s\u00e4rskild k\u00e4rlek till kvinnor\u00f6sten och damk\u00f6ren och ett engagemang f\u00f6r att g\u00f6ra musiklivet mer j\u00e4mst\u00e4llt.<\/p>\n","protected":false},"excerpt":{"rendered":"<p>Fr\u00e5n h\u00f6sten 2020 \u00e4r My Steneby\u00a0dirigent f\u00f6r Kristinak\u00f6ren. My \u00e4r k\u00f6rdirigent, s\u00e5ngare och pedagog utbildad p\u00e5 bland annat Kungliga musikh\u00f6gskolan i Stockholm och H\u00f6gskolan f\u00f6r scen och musik i G\u00f6teborg. My \u00e4r framf\u00f6r allt intresserad av klassisk musik och folkmusik och har lett b\u00e5de damk\u00f6r, mansk\u00f6r, blandad k\u00f6r och barnk\u00f6r. My har en s\u00e4rskild k\u00e4rlek [&hellip;]<\/p>\n","protected":false},"author":1,"featured_media":0,"parent":4,"menu_order":2,"comment_status":"closed","ping_status":"closed","template":"","meta":{"footnotes":""},"_links":{"self":[{"href":"https:\/\/www.kristinakoren.se\/index.php?rest_route=\/wp\/v2\/pages\/24"}],"collection":[{"href":"https:\/\/www.kristinakoren.se\/index.php?rest_route=\/wp\/v2\/pages"}],"about":[{"href":"https:\/\/www.kristinakoren.se\/index.php?rest_route=\/wp\/v2\/types\/page"}],"author":[{"embeddable":true,"href":"https:\/\/www.kristinakoren.se\/index.php?rest_route=\/wp\/v2\/users\/1"}],"replies":[{"embeddable":true,"href":"https:\/\/www.kristinakoren.se\/index.php?rest_route=%2Fwp%2Fv2%2Fcomments&post=24"}],"version-history":[{"count":22,"href":"https:\/\/www.kristinakoren.se\/index.php?rest_route=\/wp\/v2\/pages\/24\/revisions"}],"predecessor-version":[{"id":342,"href":"https:\/\/www.kristinakoren.se\/index.php?rest_route=\/wp\/v2\/pages\/24\/revisions\/342"}],"up":[{"embeddable":true,"href":"https:\/\/www.kristinakoren.se\/index.php?rest_route=\/wp\/v2\/pages\/4"}],"wp:attachment":[{"href":"https:\/\/www.kristinakoren.se\/index.php?rest_route=%2Fwp%2Fv2%2Fmedia&parent=24"}],"curies":[{"name":"wp","href":"https:\/\/api.w.org\/{rel}","templated":true}]}}