{"id":4,"date":"2016-07-26T07:58:47","date_gmt":"2016-07-26T07:58:47","guid":{"rendered":"http:\/\/www.kristinakoren.se\/?page_id=4"},"modified":"2026-01-28T21:39:44","modified_gmt":"2026-01-28T20:39:44","slug":"kristinakoren","status":"publish","type":"page","link":"https:\/\/www.kristinakoren.se\/","title":{"rendered":"V\u00e4lkommen till Kristinak\u00f6ren"},"content":{"rendered":"<div class=\"kvgmc6g5 cxmmr5t8 oygrvhab hcukyx3x c1et5uql\">Kristinak\u00f6ren \u00e4r en damk\u00f6r med korister i olika \u00e5ldrar.\u00a0I v\u00e5r repertoar ing\u00e5r b\u00e5de sakral och profan musik, och den str\u00e4cker sig fr\u00e5n Palestrina till Beatles. S\u00e5 vitt vi vet \u00e4r vi Sveriges \u00e4ldsta damk\u00f6r.\u00a0<\/div>\n<div>\u00a0<\/div>\n<div>Vi \u00f6var onsdagar mellan 19 och 21.00 p\u00e5 Globala gymnasiet, Hornsgatan 93, n\u00e4ra Zinkensdamm<strong>.<\/strong><\/div>\n<div>\u00a0<\/div>\n<div>Vi n\u00e5s p\u00e5 <a href=\"mailto:kristinakoren1929@gmail.com\"><strong>kristinakoren1929@gmail.com <\/strong><\/a>eller via <a href=\"https:\/\/www.facebook.com\/kristinakoren29\" target=\"_blank\" rel=\"noopener noreferrer\">k\u00f6rens Facebooksida<\/a>.<\/div>\n<div>\u00a0<\/div>\n<div><a href=\"https:\/\/www.facebook.com\/kristinakoren29\/about\/?ref=page_internal\" target=\"_blank\" rel=\"noopener noreferrer\">F\u00f6lj oss g\u00e4rna p\u00e5 Facebook<\/a>\u00a0och p\u00e5 <a href=\"https:\/\/www.youtube.com\/channel\/UCq4BkV-Y114sF2dcRgaqUAw\" target=\"_blank\" rel=\"noopener noreferrer\">Kristinak\u00f6rens\u00a0Youtubekanal<\/a>.<\/div>\n\n","protected":false},"excerpt":{"rendered":"<p>Kristinak\u00f6ren \u00e4r en damk\u00f6r med korister i olika \u00e5ldrar.\u00a0I v\u00e5r repertoar ing\u00e5r b\u00e5de sakral och profan musik, och den str\u00e4cker sig fr\u00e5n Palestrina till Beatles. S\u00e5 vitt vi vet \u00e4r vi Sveriges \u00e4ldsta damk\u00f6r.\u00a0 \u00a0 Vi \u00f6var onsdagar mellan 19 och 21.00 p\u00e5 Globala gymnasiet, Hornsgatan 93, n\u00e4ra Zinkensdamm. \u00a0 Vi n\u00e5s p\u00e5 kristinakoren1929@gmail.com eller [&hellip;]<\/p>\n","protected":false},"author":1,"featured_media":0,"parent":0,"menu_order":1,"comment_status":"closed","ping_status":"closed","template":"page-templates\/front-page.php","meta":{"footnotes":""},"_links":{"self":[{"href":"https:\/\/www.kristinakoren.se\/index.php?rest_route=\/wp\/v2\/pages\/4"}],"collection":[{"href":"https:\/\/www.kristinakoren.se\/index.php?rest_route=\/wp\/v2\/pages"}],"about":[{"href":"https:\/\/www.kristinakoren.se\/index.php?rest_route=\/wp\/v2\/types\/page"}],"author":[{"embeddable":true,"href":"https:\/\/www.kristinakoren.se\/index.php?rest_route=\/wp\/v2\/users\/1"}],"replies":[{"embeddable":true,"href":"https:\/\/www.kristinakoren.se\/index.php?rest_route=%2Fwp%2Fv2%2Fcomments&post=4"}],"version-history":[{"count":42,"href":"https:\/\/www.kristinakoren.se\/index.php?rest_route=\/wp\/v2\/pages\/4\/revisions"}],"predecessor-version":[{"id":400,"href":"https:\/\/www.kristinakoren.se\/index.php?rest_route=\/wp\/v2\/pages\/4\/revisions\/400"}],"wp:attachment":[{"href":"https:\/\/www.kristinakoren.se\/index.php?rest_route=%2Fwp%2Fv2%2Fmedia&parent=4"}],"curies":[{"name":"wp","href":"https:\/\/api.w.org\/{rel}","templated":true}]}}