{"id":68,"date":"2017-02-02T19:55:27","date_gmt":"2017-02-02T19:55:27","guid":{"rendered":"http:\/\/www.kristinakoren.se\/?page_id=68"},"modified":"2021-09-13T21:17:44","modified_gmt":"2021-09-13T19:17:44","slug":"lyssna","status":"publish","type":"page","link":"https:\/\/www.kristinakoren.se\/?page_id=68","title":{"rendered":"Lyssna"},"content":{"rendered":"<p>H\u00e4r f\u00e5r du n\u00e5gra smakprov fr\u00e5n Kristinak\u00f6ren. Klicka p\u00e5 bilderna s\u00e5 kommer du till Youtube d\u00e4r filmerna ligger. L\u00e4ngst ner finns ett ljudklipp fr\u00e5n en konsert i Berlin.<\/p>\n<p>Julen 2020 blev det ingen julkonsert p\u00e5 grund av Covid-19-pandemin, men vi spelade in Winter wonderland som julh\u00e4lsning.<\/p>\n<p><a href=\"https:\/\/www.youtube.com\/watch?v=j3GY8Zn7LZU\"><img decoding=\"async\" loading=\"lazy\" class=\"alignnone  wp-image-309\" src=\"http:\/\/www.kristinakoren.se\/wp-content\/uploads\/2021\/09\/winter-wonderland.jpg\" alt=\"\" width=\"656\" height=\"368\" \/><\/a><\/p>\n<p>&#8221;Marias vaggs\u00e5ng&#8221; live-inspelning fr\u00e5n Sankta Klara kyrka, Stockholm 2016. Youtube-film.<\/p>\n<p><iframe loading=\"lazy\" width=\"625\" height=\"352\" src=\"https:\/\/www.youtube.com\/embed\/RqacOiEumIs?feature=oembed\" frameborder=\"0\" allowfullscreen><\/iframe><\/p>\n<p>&#8221;N\u00e4r det lider mot jul&#8221; live-inspelning fr\u00e5n Sankta Klara kyrka, Stockholm 2016. Youtube-film.<\/p>\n<p><iframe loading=\"lazy\" width=\"625\" height=\"352\" src=\"https:\/\/www.youtube.com\/embed\/7_VEgfhH7BE?feature=oembed\" frameborder=\"0\" allowfullscreen><\/iframe><\/p>\n<p>&#8221;Veni Emmanuel&#8221; live-inspelning fr\u00e5n Sankta Klara kyrka, Stockholm 2016. Youtube-film.<\/p>\n<p><iframe loading=\"lazy\" width=\"625\" height=\"352\" src=\"https:\/\/www.youtube.com\/embed\/ZJRnApA5GvY?feature=oembed\" frameborder=\"0\" allowfullscreen><\/iframe><\/p>\n\n\n<p>&#8221;H\u00e4rlig \u00e4r jorden&#8221; live-inspelning fr\u00e5n Passionkirche, Berlin, 2011. Audio.<\/p>\n\n\n\n<figure class=\"wp-block-audio\"><audio controls src=\"http:\/\/www.kristinakoren.se\/wp-content\/uploads\/2016\/10\/harlig_ar_jorden_kristinakoren.mp3\"><\/audio><\/figure>\n","protected":false},"excerpt":{"rendered":"<p>H\u00e4r f\u00e5r du n\u00e5gra smakprov fr\u00e5n Kristinak\u00f6ren. Klicka p\u00e5 bilderna s\u00e5 kommer du till Youtube d\u00e4r filmerna ligger. L\u00e4ngst ner finns ett ljudklipp fr\u00e5n en konsert i Berlin. Julen 2020 blev det ingen julkonsert p\u00e5 grund av Covid-19-pandemin, men vi spelade in Winter wonderland som julh\u00e4lsning. &#8221;Marias vaggs\u00e5ng&#8221; live-inspelning fr\u00e5n Sankta Klara kyrka, Stockholm 2016. [&hellip;]<\/p>\n","protected":false},"author":1,"featured_media":0,"parent":4,"menu_order":0,"comment_status":"closed","ping_status":"closed","template":"","meta":{"footnotes":""},"_links":{"self":[{"href":"https:\/\/www.kristinakoren.se\/index.php?rest_route=\/wp\/v2\/pages\/68"}],"collection":[{"href":"https:\/\/www.kristinakoren.se\/index.php?rest_route=\/wp\/v2\/pages"}],"about":[{"href":"https:\/\/www.kristinakoren.se\/index.php?rest_route=\/wp\/v2\/types\/page"}],"author":[{"embeddable":true,"href":"https:\/\/www.kristinakoren.se\/index.php?rest_route=\/wp\/v2\/users\/1"}],"replies":[{"embeddable":true,"href":"https:\/\/www.kristinakoren.se\/index.php?rest_route=%2Fwp%2Fv2%2Fcomments&post=68"}],"version-history":[{"count":5,"href":"https:\/\/www.kristinakoren.se\/index.php?rest_route=\/wp\/v2\/pages\/68\/revisions"}],"predecessor-version":[{"id":311,"href":"https:\/\/www.kristinakoren.se\/index.php?rest_route=\/wp\/v2\/pages\/68\/revisions\/311"}],"up":[{"embeddable":true,"href":"https:\/\/www.kristinakoren.se\/index.php?rest_route=\/wp\/v2\/pages\/4"}],"wp:attachment":[{"href":"https:\/\/www.kristinakoren.se\/index.php?rest_route=%2Fwp%2Fv2%2Fmedia&parent=68"}],"curies":[{"name":"wp","href":"https:\/\/api.w.org\/{rel}","templated":true}]}}